{"id":4905,"date":"2019-10-14T11:29:41","date_gmt":"2019-10-14T09:29:41","guid":{"rendered":"https:\/\/spiruline-akalfood.com\/blog-spiruline-akalfood\/"},"modified":"2021-01-27T09:27:28","modified_gmt":"2021-01-27T08:27:28","slug":"blog-spiruline-akalfood","status":"publish","type":"page","link":"https:\/\/blog.akalfood.com\/en\/blog-spiruline-akalfood\/","title":{"rendered":"Blog EN"},"content":{"rendered":"","protected":false},"excerpt":{"rendered":"","protected":false},"author":1,"featured_media":0,"parent":0,"menu_order":0,"comment_status":"closed","ping_status":"closed","template":"archive.php","meta":{"_acf_changed":false,"wprm-recipe-roundup-name":"","wprm-recipe-roundup-description":"","footnotes":""},"class_list":["post-4905","page","type-page","status-publish","hentry"],"acf":[],"yoast_head":"<!-- This site is optimized with the Yoast SEO plugin v25.6 - https:\/\/yoast.com\/wordpress\/plugins\/seo\/ -->\n<title>Blog sp\u00e9cialis\u00e9 sur la spiruline \u00e9cologique fran\u00e7aise : informations bien-\u00eatre et sant\u00e9 naturelle, recettes, actualit\u00e9s sur la permaculture de cette micro-algue bio-disponible avec les yogis d\u2019Akal Food | Spiruline-akalfood.com<\/title>\n<meta name=\"description\" content=\"Spiruline-Akalfood, site r\u00e9f\u00e9rent fran\u00e7ais sur la spiruline \u00e9cologique fran\u00e7aise, pr\u00e9sente son blog sp\u00e9cialis\u00e9 en bien-\u00eatre et sant\u00e9 naturelle, recettes.\" \/>\n<meta name=\"robots\" content=\"index, follow, max-snippet:-1, max-image-preview:large, max-video-preview:-1\" \/>\n<link rel=\"canonical\" href=\"https:\/\/blog.akalfood.com\/en\/blog-spiruline-akalfood\/\" \/>\n<meta property=\"og:locale\" content=\"en_US\" \/>\n<meta property=\"og:type\" content=\"article\" \/>\n<meta property=\"og:title\" content=\"Blog sp\u00e9cialis\u00e9 sur la spiruline \u00e9cologique fran\u00e7aise : informations bien-\u00eatre et sant\u00e9 naturelle, recettes, actualit\u00e9s sur la permaculture de cette micro-algue bio-disponible avec les yogis d\u2019Akal Food | Spiruline-akalfood.com\" \/>\n<meta property=\"og:description\" content=\"Spiruline-Akalfood, site r\u00e9f\u00e9rent fran\u00e7ais sur la spiruline \u00e9cologique fran\u00e7aise, pr\u00e9sente son blog sp\u00e9cialis\u00e9 en bien-\u00eatre et sant\u00e9 naturelle, recettes.\" \/>\n<meta property=\"og:url\" content=\"https:\/\/blog.akalfood.com\/en\/blog-spiruline-akalfood\/\" \/>\n<meta property=\"og:site_name\" content=\"AKAL\" \/>\n<meta property=\"article:publisher\" content=\"https:\/\/www.facebook.com\/Akalfood\/\" \/>\n<meta property=\"article:modified_time\" content=\"2021-01-27T08:27:28+00:00\" \/>\n<meta name=\"twitter:card\" content=\"summary_large_image\" \/>\n<script type=\"application\/ld+json\" class=\"yoast-schema-graph\">{\"@context\":\"https:\/\/schema.org\",\"@graph\":[{\"@type\":\"WebPage\",\"@id\":\"https:\/\/blog.akalfood.com\/en\/blog-spiruline-akalfood\/\",\"url\":\"https:\/\/blog.akalfood.com\/en\/blog-spiruline-akalfood\/\",\"name\":\"Blog sp\u00e9cialis\u00e9 sur la spiruline \u00e9cologique fran\u00e7aise : informations bien-\u00eatre et sant\u00e9 naturelle, recettes, actualit\u00e9s sur la permaculture de cette micro-algue bio-disponible avec les yogis d\u2019Akal Food | Spiruline-akalfood.com\",\"isPartOf\":{\"@id\":\"https:\/\/blog.akalfood.com\/#website\"},\"datePublished\":\"2019-10-14T09:29:41+00:00\",\"dateModified\":\"2021-01-27T08:27:28+00:00\",\"description\":\"Spiruline-Akalfood, site r\u00e9f\u00e9rent fran\u00e7ais sur la spiruline \u00e9cologique fran\u00e7aise, pr\u00e9sente son blog sp\u00e9cialis\u00e9 en bien-\u00eatre et sant\u00e9 naturelle, recettes.\",\"breadcrumb\":{\"@id\":\"https:\/\/blog.akalfood.com\/en\/blog-spiruline-akalfood\/#breadcrumb\"},\"inLanguage\":\"en-US\",\"potentialAction\":[{\"@type\":\"ReadAction\",\"target\":[\"https:\/\/blog.akalfood.com\/en\/blog-spiruline-akalfood\/\"]}]},{\"@type\":\"BreadcrumbList\",\"@id\":\"https:\/\/blog.akalfood.com\/en\/blog-spiruline-akalfood\/#breadcrumb\",\"itemListElement\":[{\"@type\":\"ListItem\",\"position\":1,\"name\":\"Accueil\",\"item\":\"https:\/\/blog.akalfood.com\/en\/\"},{\"@type\":\"ListItem\",\"position\":2,\"name\":\"Blog EN\"}]},{\"@type\":\"WebSite\",\"@id\":\"https:\/\/blog.akalfood.com\/#website\",\"url\":\"https:\/\/blog.akalfood.com\/\",\"name\":\"AKAL\",\"description\":\"Sp\u00e9cialiste de la spiruline \u00e9cologique en France\",\"potentialAction\":[{\"@type\":\"SearchAction\",\"target\":{\"@type\":\"EntryPoint\",\"urlTemplate\":\"https:\/\/blog.akalfood.com\/?s={search_term_string}\"},\"query-input\":{\"@type\":\"PropertyValueSpecification\",\"valueRequired\":true,\"valueName\":\"search_term_string\"}}],\"inLanguage\":\"en-US\"}]}<\/script>\n<!-- \/ Yoast SEO plugin. -->","yoast_head_json":{"title":"Blog sp\u00e9cialis\u00e9 sur la spiruline \u00e9cologique fran\u00e7aise : informations bien-\u00eatre et sant\u00e9 naturelle, recettes, actualit\u00e9s sur la permaculture de cette micro-algue bio-disponible avec les yogis d\u2019Akal Food | Spiruline-akalfood.com","description":"Spiruline-Akalfood, site r\u00e9f\u00e9rent fran\u00e7ais sur la spiruline \u00e9cologique fran\u00e7aise, pr\u00e9sente son blog sp\u00e9cialis\u00e9 en bien-\u00eatre et sant\u00e9 naturelle, recettes.","robots":{"index":"index","follow":"follow","max-snippet":"max-snippet:-1","max-image-preview":"max-image-preview:large","max-video-preview":"max-video-preview:-1"},"canonical":"https:\/\/blog.akalfood.com\/en\/blog-spiruline-akalfood\/","og_locale":"en_US","og_type":"article","og_title":"Blog sp\u00e9cialis\u00e9 sur la spiruline \u00e9cologique fran\u00e7aise : informations bien-\u00eatre et sant\u00e9 naturelle, recettes, actualit\u00e9s sur la permaculture de cette micro-algue bio-disponible avec les yogis d\u2019Akal Food | Spiruline-akalfood.com","og_description":"Spiruline-Akalfood, site r\u00e9f\u00e9rent fran\u00e7ais sur la spiruline \u00e9cologique fran\u00e7aise, pr\u00e9sente son blog sp\u00e9cialis\u00e9 en bien-\u00eatre et sant\u00e9 naturelle, recettes.","og_url":"https:\/\/blog.akalfood.com\/en\/blog-spiruline-akalfood\/","og_site_name":"AKAL","article_publisher":"https:\/\/www.facebook.com\/Akalfood\/","article_modified_time":"2021-01-27T08:27:28+00:00","twitter_card":"summary_large_image","schema":{"@context":"https:\/\/schema.org","@graph":[{"@type":"WebPage","@id":"https:\/\/blog.akalfood.com\/en\/blog-spiruline-akalfood\/","url":"https:\/\/blog.akalfood.com\/en\/blog-spiruline-akalfood\/","name":"Blog sp\u00e9cialis\u00e9 sur la spiruline \u00e9cologique fran\u00e7aise : informations bien-\u00eatre et sant\u00e9 naturelle, recettes, actualit\u00e9s sur la permaculture de cette micro-algue bio-disponible avec les yogis d\u2019Akal Food | Spiruline-akalfood.com","isPartOf":{"@id":"https:\/\/blog.akalfood.com\/#website"},"datePublished":"2019-10-14T09:29:41+00:00","dateModified":"2021-01-27T08:27:28+00:00","description":"Spiruline-Akalfood, site r\u00e9f\u00e9rent fran\u00e7ais sur la spiruline \u00e9cologique fran\u00e7aise, pr\u00e9sente son blog sp\u00e9cialis\u00e9 en bien-\u00eatre et sant\u00e9 naturelle, recettes.","breadcrumb":{"@id":"https:\/\/blog.akalfood.com\/en\/blog-spiruline-akalfood\/#breadcrumb"},"inLanguage":"en-US","potentialAction":[{"@type":"ReadAction","target":["https:\/\/blog.akalfood.com\/en\/blog-spiruline-akalfood\/"]}]},{"@type":"BreadcrumbList","@id":"https:\/\/blog.akalfood.com\/en\/blog-spiruline-akalfood\/#breadcrumb","itemListElement":[{"@type":"ListItem","position":1,"name":"Accueil","item":"https:\/\/blog.akalfood.com\/en\/"},{"@type":"ListItem","position":2,"name":"Blog EN"}]},{"@type":"WebSite","@id":"https:\/\/blog.akalfood.com\/#website","url":"https:\/\/blog.akalfood.com\/","name":"AKAL","description":"Sp\u00e9cialiste de la spiruline \u00e9cologique en France","potentialAction":[{"@type":"SearchAction","target":{"@type":"EntryPoint","urlTemplate":"https:\/\/blog.akalfood.com\/?s={search_term_string}"},"query-input":{"@type":"PropertyValueSpecification","valueRequired":true,"valueName":"search_term_string"}}],"inLanguage":"en-US"}]}},"_links":{"self":[{"href":"https:\/\/blog.akalfood.com\/en\/wp-json\/wp\/v2\/pages\/4905"}],"collection":[{"href":"https:\/\/blog.akalfood.com\/en\/wp-json\/wp\/v2\/pages"}],"about":[{"href":"https:\/\/blog.akalfood.com\/en\/wp-json\/wp\/v2\/types\/page"}],"author":[{"embeddable":true,"href":"https:\/\/blog.akalfood.com\/en\/wp-json\/wp\/v2\/users\/1"}],"replies":[{"embeddable":true,"href":"https:\/\/blog.akalfood.com\/en\/wp-json\/wp\/v2\/comments?post=4905"}],"version-history":[{"count":1,"href":"https:\/\/blog.akalfood.com\/en\/wp-json\/wp\/v2\/pages\/4905\/revisions"}],"predecessor-version":[{"id":4906,"href":"https:\/\/blog.akalfood.com\/en\/wp-json\/wp\/v2\/pages\/4905\/revisions\/4906"}],"wp:attachment":[{"href":"https:\/\/blog.akalfood.com\/en\/wp-json\/wp\/v2\/media?parent=4905"}],"curies":[{"name":"wp","href":"https:\/\/api.w.org\/{rel}","templated":true}]}}