{"id":4821,"date":"2019-11-14T15:23:17","date_gmt":"2019-11-14T14:23:17","guid":{"rendered":"https:\/\/spiruline-akalfood.com\/culture-de-spiruline-et-qualite\/"},"modified":"2021-01-27T08:47:31","modified_gmt":"2021-01-27T07:47:31","slug":"culture-de-spiruline-et-qualite","status":"publish","type":"page","link":"https:\/\/blog.akalfood.com\/en\/culture-de-spiruline-et-qualite\/","title":{"rendered":"Culture de spiruline &#038; qualit\u00e9 EN"},"content":{"rendered":"","protected":false},"excerpt":{"rendered":"","protected":false},"author":2,"featured_media":1088,"parent":0,"menu_order":0,"comment_status":"closed","ping_status":"closed","template":"flexiblecontentpage.php","meta":{"_acf_changed":false,"wprm-recipe-roundup-name":"","wprm-recipe-roundup-description":"","footnotes":""},"class_list":["post-4821","page","type-page","status-publish","has-post-thumbnail","hentry"],"acf":[],"yoast_head":"<!-- This site is optimized with the Yoast SEO plugin v25.6 - https:\/\/yoast.com\/wordpress\/plugins\/seo\/ -->\n<title>Culture de spiruline &amp; qualit\u00e9 EN - AKAL<\/title>\n<meta name=\"robots\" content=\"index, follow, max-snippet:-1, max-image-preview:large, max-video-preview:-1\" \/>\n<link rel=\"canonical\" href=\"https:\/\/blog.akalfood.com\/en\/culture-de-spiruline-et-qualite\/\" \/>\n<meta property=\"og:locale\" content=\"en_US\" \/>\n<meta property=\"og:type\" content=\"article\" \/>\n<meta property=\"og:title\" content=\"Culture de spiruline &amp; qualit\u00e9 EN - AKAL\" \/>\n<meta property=\"og:url\" content=\"https:\/\/blog.akalfood.com\/en\/culture-de-spiruline-et-qualite\/\" \/>\n<meta property=\"og:site_name\" content=\"AKAL\" \/>\n<meta property=\"article:publisher\" content=\"https:\/\/www.facebook.com\/Akalfood\/\" \/>\n<meta property=\"article:modified_time\" content=\"2021-01-27T07:47:31+00:00\" \/>\n<meta property=\"og:image\" content=\"https:\/\/blog.akalfood.com\/wp-content\/uploads\/2019\/11\/Spiruline-qualit\u00e9-secchi-1.jpg\" \/>\n\t<meta property=\"og:image:width\" content=\"800\" \/>\n\t<meta property=\"og:image:height\" content=\"800\" \/>\n\t<meta property=\"og:image:type\" content=\"image\/jpeg\" \/>\n<meta name=\"twitter:card\" content=\"summary_large_image\" \/>\n<script type=\"application\/ld+json\" class=\"yoast-schema-graph\">{\"@context\":\"https:\/\/schema.org\",\"@graph\":[{\"@type\":\"WebPage\",\"@id\":\"https:\/\/blog.akalfood.com\/en\/culture-de-spiruline-et-qualite\/\",\"url\":\"https:\/\/blog.akalfood.com\/en\/culture-de-spiruline-et-qualite\/\",\"name\":\"Culture de spiruline & qualit\u00e9 EN - AKAL\",\"isPartOf\":{\"@id\":\"https:\/\/blog.akalfood.com\/#website\"},\"primaryImageOfPage\":{\"@id\":\"https:\/\/blog.akalfood.com\/en\/culture-de-spiruline-et-qualite\/#primaryimage\"},\"image\":{\"@id\":\"https:\/\/blog.akalfood.com\/en\/culture-de-spiruline-et-qualite\/#primaryimage\"},\"thumbnailUrl\":\"https:\/\/blog.akalfood.com\/wp-content\/uploads\/2019\/11\/Spiruline-qualit\u00e9-secchi-1.jpg\",\"datePublished\":\"2019-11-14T14:23:17+00:00\",\"dateModified\":\"2021-01-27T07:47:31+00:00\",\"breadcrumb\":{\"@id\":\"https:\/\/blog.akalfood.com\/en\/culture-de-spiruline-et-qualite\/#breadcrumb\"},\"inLanguage\":\"en-US\",\"potentialAction\":[{\"@type\":\"ReadAction\",\"target\":[\"https:\/\/blog.akalfood.com\/en\/culture-de-spiruline-et-qualite\/\"]}]},{\"@type\":\"ImageObject\",\"inLanguage\":\"en-US\",\"@id\":\"https:\/\/blog.akalfood.com\/en\/culture-de-spiruline-et-qualite\/#primaryimage\",\"url\":\"https:\/\/blog.akalfood.com\/wp-content\/uploads\/2019\/11\/Spiruline-qualit\u00e9-secchi-1.jpg\",\"contentUrl\":\"https:\/\/blog.akalfood.com\/wp-content\/uploads\/2019\/11\/Spiruline-qualit\u00e9-secchi-1.jpg\",\"width\":800,\"height\":800,\"caption\":\"Spiruline, qualit\u00e9, contr\u00f4le, secchi\"},{\"@type\":\"BreadcrumbList\",\"@id\":\"https:\/\/blog.akalfood.com\/en\/culture-de-spiruline-et-qualite\/#breadcrumb\",\"itemListElement\":[{\"@type\":\"ListItem\",\"position\":1,\"name\":\"Accueil\",\"item\":\"https:\/\/blog.akalfood.com\/en\/\"},{\"@type\":\"ListItem\",\"position\":2,\"name\":\"Culture de spiruline &#038; qualit\u00e9 EN\"}]},{\"@type\":\"WebSite\",\"@id\":\"https:\/\/blog.akalfood.com\/#website\",\"url\":\"https:\/\/blog.akalfood.com\/\",\"name\":\"AKAL\",\"description\":\"Sp\u00e9cialiste de la spiruline \u00e9cologique en France\",\"potentialAction\":[{\"@type\":\"SearchAction\",\"target\":{\"@type\":\"EntryPoint\",\"urlTemplate\":\"https:\/\/blog.akalfood.com\/?s={search_term_string}\"},\"query-input\":{\"@type\":\"PropertyValueSpecification\",\"valueRequired\":true,\"valueName\":\"search_term_string\"}}],\"inLanguage\":\"en-US\"}]}<\/script>\n<!-- \/ Yoast SEO plugin. -->","yoast_head_json":{"title":"Culture de spiruline & qualit\u00e9 EN - AKAL","robots":{"index":"index","follow":"follow","max-snippet":"max-snippet:-1","max-image-preview":"max-image-preview:large","max-video-preview":"max-video-preview:-1"},"canonical":"https:\/\/blog.akalfood.com\/en\/culture-de-spiruline-et-qualite\/","og_locale":"en_US","og_type":"article","og_title":"Culture de spiruline & qualit\u00e9 EN - AKAL","og_url":"https:\/\/blog.akalfood.com\/en\/culture-de-spiruline-et-qualite\/","og_site_name":"AKAL","article_publisher":"https:\/\/www.facebook.com\/Akalfood\/","article_modified_time":"2021-01-27T07:47:31+00:00","og_image":[{"width":800,"height":800,"url":"https:\/\/blog.akalfood.com\/wp-content\/uploads\/2019\/11\/Spiruline-qualit\u00e9-secchi-1.jpg","type":"image\/jpeg"}],"twitter_card":"summary_large_image","schema":{"@context":"https:\/\/schema.org","@graph":[{"@type":"WebPage","@id":"https:\/\/blog.akalfood.com\/en\/culture-de-spiruline-et-qualite\/","url":"https:\/\/blog.akalfood.com\/en\/culture-de-spiruline-et-qualite\/","name":"Culture de spiruline & qualit\u00e9 EN - AKAL","isPartOf":{"@id":"https:\/\/blog.akalfood.com\/#website"},"primaryImageOfPage":{"@id":"https:\/\/blog.akalfood.com\/en\/culture-de-spiruline-et-qualite\/#primaryimage"},"image":{"@id":"https:\/\/blog.akalfood.com\/en\/culture-de-spiruline-et-qualite\/#primaryimage"},"thumbnailUrl":"https:\/\/blog.akalfood.com\/wp-content\/uploads\/2019\/11\/Spiruline-qualit\u00e9-secchi-1.jpg","datePublished":"2019-11-14T14:23:17+00:00","dateModified":"2021-01-27T07:47:31+00:00","breadcrumb":{"@id":"https:\/\/blog.akalfood.com\/en\/culture-de-spiruline-et-qualite\/#breadcrumb"},"inLanguage":"en-US","potentialAction":[{"@type":"ReadAction","target":["https:\/\/blog.akalfood.com\/en\/culture-de-spiruline-et-qualite\/"]}]},{"@type":"ImageObject","inLanguage":"en-US","@id":"https:\/\/blog.akalfood.com\/en\/culture-de-spiruline-et-qualite\/#primaryimage","url":"https:\/\/blog.akalfood.com\/wp-content\/uploads\/2019\/11\/Spiruline-qualit\u00e9-secchi-1.jpg","contentUrl":"https:\/\/blog.akalfood.com\/wp-content\/uploads\/2019\/11\/Spiruline-qualit\u00e9-secchi-1.jpg","width":800,"height":800,"caption":"Spiruline, qualit\u00e9, contr\u00f4le, secchi"},{"@type":"BreadcrumbList","@id":"https:\/\/blog.akalfood.com\/en\/culture-de-spiruline-et-qualite\/#breadcrumb","itemListElement":[{"@type":"ListItem","position":1,"name":"Accueil","item":"https:\/\/blog.akalfood.com\/en\/"},{"@type":"ListItem","position":2,"name":"Culture de spiruline &#038; qualit\u00e9 EN"}]},{"@type":"WebSite","@id":"https:\/\/blog.akalfood.com\/#website","url":"https:\/\/blog.akalfood.com\/","name":"AKAL","description":"Sp\u00e9cialiste de la spiruline \u00e9cologique en France","potentialAction":[{"@type":"SearchAction","target":{"@type":"EntryPoint","urlTemplate":"https:\/\/blog.akalfood.com\/?s={search_term_string}"},"query-input":{"@type":"PropertyValueSpecification","valueRequired":true,"valueName":"search_term_string"}}],"inLanguage":"en-US"}]}},"_links":{"self":[{"href":"https:\/\/blog.akalfood.com\/en\/wp-json\/wp\/v2\/pages\/4821"}],"collection":[{"href":"https:\/\/blog.akalfood.com\/en\/wp-json\/wp\/v2\/pages"}],"about":[{"href":"https:\/\/blog.akalfood.com\/en\/wp-json\/wp\/v2\/types\/page"}],"author":[{"embeddable":true,"href":"https:\/\/blog.akalfood.com\/en\/wp-json\/wp\/v2\/users\/2"}],"replies":[{"embeddable":true,"href":"https:\/\/blog.akalfood.com\/en\/wp-json\/wp\/v2\/comments?post=4821"}],"version-history":[{"count":2,"href":"https:\/\/blog.akalfood.com\/en\/wp-json\/wp\/v2\/pages\/4821\/revisions"}],"predecessor-version":[{"id":4823,"href":"https:\/\/blog.akalfood.com\/en\/wp-json\/wp\/v2\/pages\/4821\/revisions\/4823"}],"wp:featuredmedia":[{"embeddable":true,"href":"https:\/\/blog.akalfood.com\/en\/wp-json\/wp\/v2\/media\/1088"}],"wp:attachment":[{"href":"https:\/\/blog.akalfood.com\/en\/wp-json\/wp\/v2\/media?parent=4821"}],"curies":[{"name":"wp","href":"https:\/\/api.w.org\/{rel}","templated":true}]}}