{"id":4301,"date":"2019-10-14T09:29:22","date_gmt":"2019-10-14T07:29:22","guid":{"rendered":"https:\/\/spiruline-akalfood.com\/accueil\/"},"modified":"2021-02-22T17:18:53","modified_gmt":"2021-02-22T16:18:53","slug":"accueil","status":"publish","type":"page","link":"https:\/\/blog.akalfood.com\/en\/","title":{"rendered":"Accueil EN"},"content":{"rendered":"","protected":false},"excerpt":{"rendered":"","protected":false},"author":1,"featured_media":329,"parent":0,"menu_order":0,"comment_status":"closed","ping_status":"closed","template":"index.php","meta":{"_acf_changed":false,"wprm-recipe-roundup-name":"","wprm-recipe-roundup-description":"","footnotes":""},"class_list":["post-4301","page","type-page","status-publish","has-post-thumbnail","hentry"],"acf":[],"yoast_head":"<!-- This site is optimized with the Yoast SEO plugin v25.6 - https:\/\/yoast.com\/wordpress\/plugins\/seo\/ -->\n<title>Informations sur la spiruline \u00e9cologique fran\u00e7aise - D\u00e9couvrir et vivre la permaculture de cette micro-algue bio-disponible avec les sp\u00e9cialistes d\u2019Akal Food | Spiruline-akalfood.com<\/title>\n<meta name=\"description\" content=\"Spiruline-Akalfood, site r\u00e9f\u00e9rent fran\u00e7ais d\u2019actualit\u00e9s, de recettes et d\u2019informations sur la spiruline \u00e9cologique fran\u00e7aise, vous propose de d\u00e9couvrir et vivre la permaculture de cette micro-algue bio-disponible - Akal Food, producteur fran\u00e7ais depuis 10 ans de spiruline \u00e9cologique, est compos\u00e9 d\u2019une \u00e9quipe de yogis et de permaculteurs en spiruline porteurs de valeurs uniques (pionnier de la spiruline bio, permaculture sensible : alliance yoga et permaculture de spiruline vivante, gouvernance horizontale de l\u2019entreprise, alimentation vibrante\u2026).\" \/>\n<meta name=\"robots\" content=\"index, follow, max-snippet:-1, max-image-preview:large, max-video-preview:-1\" \/>\n<link rel=\"canonical\" href=\"https:\/\/blog.akalfood.com\/en\/\" \/>\n<meta property=\"og:locale\" content=\"en_US\" \/>\n<meta property=\"og:type\" content=\"article\" \/>\n<meta property=\"og:title\" content=\"Informations sur la spiruline \u00e9cologique fran\u00e7aise - D\u00e9couvrir et vivre la permaculture de cette micro-algue bio-disponible avec les sp\u00e9cialistes d\u2019Akal Food | Spiruline-akalfood.com\" \/>\n<meta property=\"og:description\" content=\"Spiruline-Akalfood, site r\u00e9f\u00e9rent fran\u00e7ais d\u2019actualit\u00e9s, de recettes et d\u2019informations sur la spiruline \u00e9cologique fran\u00e7aise, vous propose de d\u00e9couvrir et vivre la permaculture de cette micro-algue bio-disponible - Akal Food, producteur fran\u00e7ais depuis 10 ans de spiruline \u00e9cologique, est compos\u00e9 d\u2019une \u00e9quipe de yogis et de permaculteurs en spiruline porteurs de valeurs uniques (pionnier de la spiruline bio, permaculture sensible : alliance yoga et permaculture de spiruline vivante, gouvernance horizontale de l\u2019entreprise, alimentation vibrante\u2026).\" \/>\n<meta property=\"og:url\" content=\"https:\/\/blog.akalfood.com\/en\/\" \/>\n<meta property=\"og:site_name\" content=\"AKAL\" \/>\n<meta property=\"article:publisher\" content=\"https:\/\/www.facebook.com\/Akalfood\/\" \/>\n<meta property=\"article:modified_time\" content=\"2021-02-22T16:18:53+00:00\" \/>\n<meta property=\"og:image\" content=\"https:\/\/blog.akalfood.com\/wp-content\/uploads\/2019\/10\/Flyer-Akal-Food-Juin-2018-1.jpg\" \/>\n\t<meta property=\"og:image:width\" content=\"770\" \/>\n\t<meta property=\"og:image:height\" content=\"549\" \/>\n\t<meta property=\"og:image:type\" content=\"image\/jpeg\" \/>\n<meta name=\"twitter:card\" content=\"summary_large_image\" \/>\n<script type=\"application\/ld+json\" class=\"yoast-schema-graph\">{\"@context\":\"https:\/\/schema.org\",\"@graph\":[{\"@type\":\"WebPage\",\"@id\":\"https:\/\/blog.akalfood.com\/en\/\",\"url\":\"https:\/\/blog.akalfood.com\/en\/\",\"name\":\"Informations sur la spiruline \u00e9cologique fran\u00e7aise - D\u00e9couvrir et vivre la permaculture de cette micro-algue bio-disponible avec les sp\u00e9cialistes d\u2019Akal Food | Spiruline-akalfood.com\",\"isPartOf\":{\"@id\":\"https:\/\/blog.akalfood.com\/#website\"},\"primaryImageOfPage\":{\"@id\":\"https:\/\/blog.akalfood.com\/en\/#primaryimage\"},\"image\":{\"@id\":\"https:\/\/blog.akalfood.com\/en\/#primaryimage\"},\"thumbnailUrl\":\"https:\/\/blog.akalfood.com\/wp-content\/uploads\/2019\/10\/Flyer-Akal-Food-Juin-2018-1.jpg\",\"datePublished\":\"2019-10-14T07:29:22+00:00\",\"dateModified\":\"2021-02-22T16:18:53+00:00\",\"description\":\"Spiruline-Akalfood, site r\u00e9f\u00e9rent fran\u00e7ais d\u2019actualit\u00e9s, de recettes et d\u2019informations sur la spiruline \u00e9cologique fran\u00e7aise, vous propose de d\u00e9couvrir et vivre la permaculture de cette micro-algue bio-disponible - Akal Food, producteur fran\u00e7ais depuis 10 ans de spiruline \u00e9cologique, est compos\u00e9 d\u2019une \u00e9quipe de yogis et de permaculteurs en spiruline porteurs de valeurs uniques (pionnier de la spiruline bio, permaculture sensible : alliance yoga et permaculture de spiruline vivante, gouvernance horizontale de l\u2019entreprise, alimentation vibrante\u2026).\",\"breadcrumb\":{\"@id\":\"https:\/\/blog.akalfood.com\/en\/#breadcrumb\"},\"inLanguage\":\"en-US\",\"potentialAction\":[{\"@type\":\"ReadAction\",\"target\":[\"https:\/\/blog.akalfood.com\/en\/\"]}]},{\"@type\":\"ImageObject\",\"inLanguage\":\"en-US\",\"@id\":\"https:\/\/blog.akalfood.com\/en\/#primaryimage\",\"url\":\"https:\/\/blog.akalfood.com\/wp-content\/uploads\/2019\/10\/Flyer-Akal-Food-Juin-2018-1.jpg\",\"contentUrl\":\"https:\/\/blog.akalfood.com\/wp-content\/uploads\/2019\/10\/Flyer-Akal-Food-Juin-2018-1.jpg\",\"width\":770,\"height\":549,\"caption\":\"sp\u00e9cialiste de la spiruline \u00e9cologique en France\"},{\"@type\":\"BreadcrumbList\",\"@id\":\"https:\/\/blog.akalfood.com\/en\/#breadcrumb\",\"itemListElement\":[{\"@type\":\"ListItem\",\"position\":1,\"name\":\"Accueil\",\"item\":\"https:\/\/blog.akalfood.com\/en\/\"},{\"@type\":\"ListItem\",\"position\":2,\"name\":\"Accueil EN\"}]},{\"@type\":\"WebSite\",\"@id\":\"https:\/\/blog.akalfood.com\/#website\",\"url\":\"https:\/\/blog.akalfood.com\/\",\"name\":\"AKAL\",\"description\":\"Sp\u00e9cialiste de la spiruline \u00e9cologique en France\",\"potentialAction\":[{\"@type\":\"SearchAction\",\"target\":{\"@type\":\"EntryPoint\",\"urlTemplate\":\"https:\/\/blog.akalfood.com\/?s={search_term_string}\"},\"query-input\":{\"@type\":\"PropertyValueSpecification\",\"valueRequired\":true,\"valueName\":\"search_term_string\"}}],\"inLanguage\":\"en-US\"}]}<\/script>\n<!-- \/ Yoast SEO plugin. -->","yoast_head_json":{"title":"Informations sur la spiruline \u00e9cologique fran\u00e7aise - D\u00e9couvrir et vivre la permaculture de cette micro-algue bio-disponible avec les sp\u00e9cialistes d\u2019Akal Food | Spiruline-akalfood.com","description":"Spiruline-Akalfood, site r\u00e9f\u00e9rent fran\u00e7ais d\u2019actualit\u00e9s, de recettes et d\u2019informations sur la spiruline \u00e9cologique fran\u00e7aise, vous propose de d\u00e9couvrir et vivre la permaculture de cette micro-algue bio-disponible - Akal Food, producteur fran\u00e7ais depuis 10 ans de spiruline \u00e9cologique, est compos\u00e9 d\u2019une \u00e9quipe de yogis et de permaculteurs en spiruline porteurs de valeurs uniques (pionnier de la spiruline bio, permaculture sensible : alliance yoga et permaculture de spiruline vivante, gouvernance horizontale de l\u2019entreprise, alimentation vibrante\u2026).","robots":{"index":"index","follow":"follow","max-snippet":"max-snippet:-1","max-image-preview":"max-image-preview:large","max-video-preview":"max-video-preview:-1"},"canonical":"https:\/\/blog.akalfood.com\/en\/","og_locale":"en_US","og_type":"article","og_title":"Informations sur la spiruline \u00e9cologique fran\u00e7aise - D\u00e9couvrir et vivre la permaculture de cette micro-algue bio-disponible avec les sp\u00e9cialistes d\u2019Akal Food | Spiruline-akalfood.com","og_description":"Spiruline-Akalfood, site r\u00e9f\u00e9rent fran\u00e7ais d\u2019actualit\u00e9s, de recettes et d\u2019informations sur la spiruline \u00e9cologique fran\u00e7aise, vous propose de d\u00e9couvrir et vivre la permaculture de cette micro-algue bio-disponible - Akal Food, producteur fran\u00e7ais depuis 10 ans de spiruline \u00e9cologique, est compos\u00e9 d\u2019une \u00e9quipe de yogis et de permaculteurs en spiruline porteurs de valeurs uniques (pionnier de la spiruline bio, permaculture sensible : alliance yoga et permaculture de spiruline vivante, gouvernance horizontale de l\u2019entreprise, alimentation vibrante\u2026).","og_url":"https:\/\/blog.akalfood.com\/en\/","og_site_name":"AKAL","article_publisher":"https:\/\/www.facebook.com\/Akalfood\/","article_modified_time":"2021-02-22T16:18:53+00:00","og_image":[{"width":770,"height":549,"url":"https:\/\/blog.akalfood.com\/wp-content\/uploads\/2019\/10\/Flyer-Akal-Food-Juin-2018-1.jpg","type":"image\/jpeg"}],"twitter_card":"summary_large_image","schema":{"@context":"https:\/\/schema.org","@graph":[{"@type":"WebPage","@id":"https:\/\/blog.akalfood.com\/en\/","url":"https:\/\/blog.akalfood.com\/en\/","name":"Informations sur la spiruline \u00e9cologique fran\u00e7aise - D\u00e9couvrir et vivre la permaculture de cette micro-algue bio-disponible avec les sp\u00e9cialistes d\u2019Akal Food | Spiruline-akalfood.com","isPartOf":{"@id":"https:\/\/blog.akalfood.com\/#website"},"primaryImageOfPage":{"@id":"https:\/\/blog.akalfood.com\/en\/#primaryimage"},"image":{"@id":"https:\/\/blog.akalfood.com\/en\/#primaryimage"},"thumbnailUrl":"https:\/\/blog.akalfood.com\/wp-content\/uploads\/2019\/10\/Flyer-Akal-Food-Juin-2018-1.jpg","datePublished":"2019-10-14T07:29:22+00:00","dateModified":"2021-02-22T16:18:53+00:00","description":"Spiruline-Akalfood, site r\u00e9f\u00e9rent fran\u00e7ais d\u2019actualit\u00e9s, de recettes et d\u2019informations sur la spiruline \u00e9cologique fran\u00e7aise, vous propose de d\u00e9couvrir et vivre la permaculture de cette micro-algue bio-disponible - Akal Food, producteur fran\u00e7ais depuis 10 ans de spiruline \u00e9cologique, est compos\u00e9 d\u2019une \u00e9quipe de yogis et de permaculteurs en spiruline porteurs de valeurs uniques (pionnier de la spiruline bio, permaculture sensible : alliance yoga et permaculture de spiruline vivante, gouvernance horizontale de l\u2019entreprise, alimentation vibrante\u2026).","breadcrumb":{"@id":"https:\/\/blog.akalfood.com\/en\/#breadcrumb"},"inLanguage":"en-US","potentialAction":[{"@type":"ReadAction","target":["https:\/\/blog.akalfood.com\/en\/"]}]},{"@type":"ImageObject","inLanguage":"en-US","@id":"https:\/\/blog.akalfood.com\/en\/#primaryimage","url":"https:\/\/blog.akalfood.com\/wp-content\/uploads\/2019\/10\/Flyer-Akal-Food-Juin-2018-1.jpg","contentUrl":"https:\/\/blog.akalfood.com\/wp-content\/uploads\/2019\/10\/Flyer-Akal-Food-Juin-2018-1.jpg","width":770,"height":549,"caption":"sp\u00e9cialiste de la spiruline \u00e9cologique en France"},{"@type":"BreadcrumbList","@id":"https:\/\/blog.akalfood.com\/en\/#breadcrumb","itemListElement":[{"@type":"ListItem","position":1,"name":"Accueil","item":"https:\/\/blog.akalfood.com\/en\/"},{"@type":"ListItem","position":2,"name":"Accueil EN"}]},{"@type":"WebSite","@id":"https:\/\/blog.akalfood.com\/#website","url":"https:\/\/blog.akalfood.com\/","name":"AKAL","description":"Sp\u00e9cialiste de la spiruline \u00e9cologique en France","potentialAction":[{"@type":"SearchAction","target":{"@type":"EntryPoint","urlTemplate":"https:\/\/blog.akalfood.com\/?s={search_term_string}"},"query-input":{"@type":"PropertyValueSpecification","valueRequired":true,"valueName":"search_term_string"}}],"inLanguage":"en-US"}]}},"_links":{"self":[{"href":"https:\/\/blog.akalfood.com\/en\/wp-json\/wp\/v2\/pages\/4301"}],"collection":[{"href":"https:\/\/blog.akalfood.com\/en\/wp-json\/wp\/v2\/pages"}],"about":[{"href":"https:\/\/blog.akalfood.com\/en\/wp-json\/wp\/v2\/types\/page"}],"author":[{"embeddable":true,"href":"https:\/\/blog.akalfood.com\/en\/wp-json\/wp\/v2\/users\/1"}],"replies":[{"embeddable":true,"href":"https:\/\/blog.akalfood.com\/en\/wp-json\/wp\/v2\/comments?post=4301"}],"version-history":[{"count":11,"href":"https:\/\/blog.akalfood.com\/en\/wp-json\/wp\/v2\/pages\/4301\/revisions"}],"predecessor-version":[{"id":5113,"href":"https:\/\/blog.akalfood.com\/en\/wp-json\/wp\/v2\/pages\/4301\/revisions\/5113"}],"wp:featuredmedia":[{"embeddable":true,"href":"https:\/\/blog.akalfood.com\/en\/wp-json\/wp\/v2\/media\/329"}],"wp:attachment":[{"href":"https:\/\/blog.akalfood.com\/en\/wp-json\/wp\/v2\/media?parent=4301"}],"curies":[{"name":"wp","href":"https:\/\/api.w.org\/{rel}","templated":true}]}}